{"id":363,"date":"2021-03-02T14:19:07","date_gmt":"2021-03-02T14:19:07","guid":{"rendered":"https:\/\/dgbyair.mdcr.cz\/?page_id=363"},"modified":"2021-03-26T22:36:59","modified_gmt":"2021-03-26T21:36:59","slug":"account","status":"publish","type":"page","link":"https:\/\/dgbyair.cz\/en\/account\/","title":{"rendered":"Accredited Organisation Account"},"content":{"rendered":"<div class=\"members-access-error\">\n<p>P\u0159ihlaste se pros\u00edm na <a href=\"\/wp-login.php?redirect_to=\/ucet\/\">sv\u016fj \u00fa\u010det<\/a>.<\/p>\n<\/div>\n","protected":false},"excerpt":{"rendered":"<div class=\"members-access-error\">\n<p>P\u0159ihlaste se pros\u00edm na <a href=\"\/wp-login.php?redirect_to=\/ucet\/\">sv\u016fj \u00fa\u010det<\/a>.<\/p>\n<\/div>\n","protected":false},"author":1,"featured_media":668,"parent":0,"menu_order":0,"comment_status":"closed","ping_status":"closed","template":"","meta":{"inline_featured_image":false,"footnotes":""},"class_list":["post-363","page","type-page","status-publish","has-post-thumbnail","hentry"],"jetpack_sharing_enabled":true,"_links":{"self":[{"href":"https:\/\/dgbyair.cz\/en\/wp-json\/wp\/v2\/pages\/363","targetHints":{"allow":["GET"]}}],"collection":[{"href":"https:\/\/dgbyair.cz\/en\/wp-json\/wp\/v2\/pages"}],"about":[{"href":"https:\/\/dgbyair.cz\/en\/wp-json\/wp\/v2\/types\/page"}],"author":[{"embeddable":true,"href":"https:\/\/dgbyair.cz\/en\/wp-json\/wp\/v2\/users\/1"}],"replies":[{"embeddable":true,"href":"https:\/\/dgbyair.cz\/en\/wp-json\/wp\/v2\/comments?post=363"}],"version-history":[{"count":11,"href":"https:\/\/dgbyair.cz\/en\/wp-json\/wp\/v2\/pages\/363\/revisions"}],"predecessor-version":[{"id":679,"href":"https:\/\/dgbyair.cz\/en\/wp-json\/wp\/v2\/pages\/363\/revisions\/679"}],"wp:featuredmedia":[{"embeddable":true,"href":"https:\/\/dgbyair.cz\/en\/wp-json\/wp\/v2\/media\/668"}],"wp:attachment":[{"href":"https:\/\/dgbyair.cz\/en\/wp-json\/wp\/v2\/media?parent=363"}],"curies":[{"name":"wp","href":"https:\/\/api.w.org\/{rel}","templated":true}]}}