{"id":359,"date":"2021-03-15T12:16:48","date_gmt":"2021-03-15T11:16:48","guid":{"rendered":"https:\/\/dgbyair.mdcr.cz\/?page_id=359"},"modified":"2025-12-21T20:44:53","modified_gmt":"2025-12-21T19:44:53","slug":"contact","status":"publish","type":"page","link":"https:\/\/dgbyair.cz\/en\/contact\/","title":{"rendered":"Contact"},"content":{"rendered":"\n<p><strong>Ministry of Transport<\/strong><br>Civil Aviation Department<br>nabrezi Ludvika Svobody 1222\/12<br>110 15 Prague 1<br>Czech Republic<\/p>\n\n\n\n<p><a href=\"tel:+420225131390\" target=\"_blank\" rel=\"noreferrer noopener\">+420&nbsp;225&nbsp;131&nbsp;390<\/a><br><a href=\"https:\/\/mail.google.com\/mail\/?view=cm&amp;fs=1&amp;tf=1&amp;to=sekretariat.220@mdcr.cz\" target=\"_blank\" rel=\"noreferrer noopener\">sekretariat.220@mdcr.gov.cz<\/a><br><a href=\"https:\/\/mail.google.com\/mail\/?view=cm&amp;fs=1&amp;tf=1&amp;to=flights@mdcr.cz\" target=\"_blank\" rel=\"noreferrer noopener\">flights@mdcr.gov.cz<\/a><\/p>\n\n\n\n<hr class=\"wp-block-separator has-css-opacity is-style-wide\"\/>\n\n\n\n<h2>List of Accredited Training Organizations<div class=\"has-small-font-size\">in Dangerous Goods<\/div><\/h2>\n\n\n\n<figure class=\"wp-block-table alignwide mt-5 is-style-stripes\"><table><thead><tr><th class=\"has-text-align-left\" data-align=\"left\">Organization and address<\/th><th class=\"has-text-align-left\" data-align=\"left\">Contacts<\/th><th class=\"has-text-align-left\" data-align=\"left\">Approved DG<span style=\"text-transform: lowercase\">s<\/span> Training <\/th><\/tr><\/thead><tbody><tr><td class=\"has-text-align-left\" data-align=\"left\"><strong>Czech Aviation Training Centre, s.r.o.<\/strong><br>K leti\u0161ti 934<br>161 00 Prague 6<\/td><td class=\"has-text-align-left\" data-align=\"left\">+420 222 101 222<br>info@catc.cz<br><a href=\"https:\/\/www.catc.cz\/en\/\" target=\"_blank\" rel=\"noreferrer noopener\">www.catc.cz<\/a><\/td><td class=\"has-text-align-left\" data-align=\"left\">CBTA for Personnel:<br>&#8211; Responsible for Preparing Dangerous Goods Consignments<br>&#8211; Responsible for Processing\/Accepting Goods presented as General Cargo<br>&#8211; Responsible for Processing\/Accepting Dangerous Goods Consignments<br>&#8211; Responsible for Handling Cargo in a Warehouse, Loading and Unloading ULDs and Loading and Unloading Aircraft Cargo Compartments<br>&#8211; Responsible for Accepting Passenger and Crew Baggage, Managing Aircraft Boarding Areas and other Functions Involving Direct Passenger Contact at an Airport<br>&#8211; Responsible for the Planning of Aircraft Loading<br>&#8211; Flight Crew Members<br>&#8211; Flight Operations Officers and Flight Dispatchers<br>&#8211; Cabin Crew Members<br>&#8211; Responsible for the Screening of Passengers and Crew and their Baggage, Cargo and Mail<\/td><\/tr><tr><td class=\"has-text-align-left\" data-align=\"left\"><strong>DANGEROUS GOODS s.r.o.<\/strong><br>Unho\u0161\u0165sk\u00e1 1657 <br>253 01 Hostivice<\/td><td class=\"has-text-align-left\" data-align=\"left\">info@dangerousgoods.cz <br><a href=\"https:\/\/www.dangerousgoods.cz\/\" target=\"_blank\" rel=\"noreferrer noopener\">www.dangerousgoods.cz<\/a><\/td><td class=\"has-text-align-left\" data-align=\"left\">CBTA for Personnel:<br>&#8211; Responsible for Preparing Dangerous Goods Consignments<br>&#8211; Responsible for Processing\/Accepting Goods presented as General Cargo<br>&#8211; Responsible for Processing\/Accepting Dangerous Goods Consignments<br>&#8211; Responsible for Handling Cargo in a Warehouse, Loading and Unloading ULDs and Loading and Unloading Aircraft Cargo Compartments<br>&#8211; Responsible for Accepting Passenger and Crew Baggage, Managing Aircraft Boarding Areas and other Functions Involving Direct Passenger Contact at an Airport<br>&#8211; Responsible for the Planning of Aircraft Loading<br>&#8211; Flight Crew Members<br>&#8211; Flight Operations Officers and Flight Dispatchers<br>&#8211; Cabin Crew Members<br>&#8211; Responsible for the Screening of Passengers and Crew and their Baggage, Cargo and Mail<\/td><\/tr><tr><td class=\"has-text-align-left\" data-align=\"left\"><strong>DHL Express (Czech Republic) s.r.o.<\/strong><br>N\u00e1dra\u017en\u00ed 2967\/93                     <br>702 00 Ostrava                       <\/td><td class=\"has-text-align-left\" data-align=\"left\">infolinka@dhl.com <br><a href=\"https:\/\/www.dhl.com\/cz-cs\/home.html\" target=\"_blank\" rel=\"noreferrer noopener\">www.dhl.cz <\/a><\/td><td class=\"has-text-align-left\" data-align=\"left\">CBTA for Personnel:<br>&#8211; Responsible for Processing\/Accepting Goods presented as General Cargo<br>&#8211; Responsible for Processing\/Accepting Dangerous Goods Consignments<br>&#8211; Responsible for Handling Cargo in a Warehouse, Loading and Unloading ULDs and Loading and Unloading Aircraft Cargo Compartments<br>&#8211; Responsible for the Planning of Aircraft Loading<br>&#8211; Responsible for the Screening of Passengers and Crew and their Baggage, Cargo and Mail<\/td><\/tr><tr><td class=\"has-text-align-left\" data-align=\"left\"><strong>Leti\u0161t\u011b Praha, a.s.<\/strong><br>K leti\u0161ti 1019\/6<br>161 00 Prague 6<\/td><td class=\"has-text-align-left\" data-align=\"left\">+420 220 118 462<br>bezpecnostni.skoleni@prg.aero  <br><a href=\"https:\/\/www.prg.aero\/en\/safety-and-security-training-courses\" target=\"_blank\" rel=\"noreferrer noopener\">www.prg.aero\/bezpecnostni-skoleni<\/a><\/td><td class=\"has-text-align-left\" data-align=\"left\">CBTA for Personnel:<br>&#8211; Responsible for Handling Cargo in a Warehouse, Loading and Unloading ULDs and Loading and Unloading Aircraft Cargo Compartments<br>&#8211; Responsible for Accepting Passenger and Crew Baggage, Managing Aircraft Boarding Areas and other Functions Involving Direct Passenger Contact at an Airport<br>&#8211; Responsible for the Planning of Aircraft Loading<br>&#8211; Responsible for the Screening of Passengers and Crew and their Baggage, Cargo and Mail<\/td><\/tr><tr><td class=\"has-text-align-left\" data-align=\"left\"><strong>Menzies Aviation (Czech), s.r.o<\/strong><br>K leti\u0161ti 57\/1049<br>161 00 Prague 6<\/td><td class=\"has-text-align-left\" data-align=\"left\"><a href=\"https:\/\/www.menziesaviation.cz\/?language=en\" target=\"_blank\" rel=\"noreferrer noopener\">www.menziesaviation.cz<\/a><\/td><td class=\"has-text-align-left\" data-align=\"left\">CBTA for Personnel:<br>&#8211; Responsible for Processing\/Accepting Goods presented as General Cargo<br>&#8211; Responsible for Handling Cargo in a Warehouse, Loading and Unloading ULDs and Loading and Unloading Aircraft Cargo Compartments<br>&#8211; Responsible for Accepting Passenger and Crew Baggage, Managing Aircraft Boarding Areas and other Functions Involving Direct Passenger Contact at an Airport<br>&#8211; Responsible for the Planning of Aircraft Loading<br>&#8211; Flight Operations Officers and Flight Dispatchers<\/td><\/tr><tr><td class=\"has-text-align-left\" data-align=\"left\"><strong>Skyport, a.s.<\/strong><br>Laglerov\u00e9 1075\/4<br>161 00 Prague 6<\/td><td class=\"has-text-align-left\" data-align=\"left\"><a href=\"https:\/\/skyport.com\/?lang=en\" target=\"_blank\" rel=\"noreferrer noopener\">www.skyport.com<\/a><\/td><td class=\"has-text-align-left\" data-align=\"left\">CBTA for Personnel:<br>&#8211; Responsible for Processing\/Accepting Goods presented as General Cargo<br>&#8211; Responsible for Processing\/Accepting Dangerous Goods Consignments<br>&#8211; Responsible for Handling Cargo in a Warehouse, Loading and Unloading ULDs and Loading and Unloading Aircraft Cargo Compartments<br>&#8211; Responsible for Accepting Passenger and Crew Baggage, Managing Aircraft Boarding Areas and other Functions Involving Direct Passenger Contact at an Airport<br>&#8211; Responsible for the Planning of Aircraft Loading<br>&#8211; Flight Crew Members<br>&#8211; Flight Operations Officers and Flight Dispatchers<br>&#8211; Cabin Crew Members<br>&#8211; Responsible for the Screening of Passengers and Crew and their Baggage, Cargo and Mail<\/td><\/tr><tr><td class=\"has-text-align-left\" data-align=\"left\"><\/td><td class=\"has-text-align-left\" data-align=\"left\"><\/td><td class=\"has-text-align-left\" data-align=\"left\"><\/td><\/tr><tr><td class=\"has-text-align-left\" data-align=\"left\"><\/td><td class=\"has-text-align-left\" data-align=\"left\"><\/td><td class=\"has-text-align-left\" data-align=\"left\"><\/td><\/tr><tr><td class=\"has-text-align-left\" data-align=\"left\"><\/td><td class=\"has-text-align-left\" data-align=\"left\"><\/td><td class=\"has-text-align-left\" data-align=\"left\"><\/td><\/tr><\/tbody><\/table><\/figure>\n","protected":false},"excerpt":{"rendered":"<p>Ministry of TransportCivil Aviation Departmentnabrezi Ludvika Svobody 1222\/12110 15 Prague 1Czech Republic +420&nbsp;225&nbsp;131&nbsp;390sekretariat.220@mdcr.gov.czflights@mdcr.gov.cz List of Accredited Training Organizations in Dangerous Goods Organization and address Contacts Approved DGs Training Czech Aviation &#8230;<\/p>\n","protected":false},"author":1,"featured_media":665,"parent":0,"menu_order":0,"comment_status":"closed","ping_status":"closed","template":"","meta":{"inline_featured_image":false,"footnotes":""},"class_list":["post-359","page","type-page","status-publish","has-post-thumbnail","hentry"],"jetpack_sharing_enabled":true,"_links":{"self":[{"href":"https:\/\/dgbyair.cz\/en\/wp-json\/wp\/v2\/pages\/359","targetHints":{"allow":["GET"]}}],"collection":[{"href":"https:\/\/dgbyair.cz\/en\/wp-json\/wp\/v2\/pages"}],"about":[{"href":"https:\/\/dgbyair.cz\/en\/wp-json\/wp\/v2\/types\/page"}],"author":[{"embeddable":true,"href":"https:\/\/dgbyair.cz\/en\/wp-json\/wp\/v2\/users\/1"}],"replies":[{"embeddable":true,"href":"https:\/\/dgbyair.cz\/en\/wp-json\/wp\/v2\/comments?post=359"}],"version-history":[{"count":21,"href":"https:\/\/dgbyair.cz\/en\/wp-json\/wp\/v2\/pages\/359\/revisions"}],"predecessor-version":[{"id":2011,"href":"https:\/\/dgbyair.cz\/en\/wp-json\/wp\/v2\/pages\/359\/revisions\/2011"}],"wp:featuredmedia":[{"embeddable":true,"href":"https:\/\/dgbyair.cz\/en\/wp-json\/wp\/v2\/media\/665"}],"wp:attachment":[{"href":"https:\/\/dgbyair.cz\/en\/wp-json\/wp\/v2\/media?parent=359"}],"curies":[{"name":"wp","href":"https:\/\/api.w.org\/{rel}","templated":true}]}}