{"id":357,"date":"2021-03-05T22:51:06","date_gmt":"2021-03-05T21:51:06","guid":{"rendered":"https:\/\/dgbyair.mdcr.cz\/?page_id=357"},"modified":"2025-10-23T16:14:23","modified_gmt":"2025-10-23T14:14:23","slug":"can-i-pack-that","status":"publish","type":"page","link":"https:\/\/dgbyair.cz\/en\/can-i-pack-that\/","title":{"rendered":"Can I pack that?"},"content":{"rendered":"\n<p>During air transport due to change of atmospheric pressure, temperature and vibration some items can behave unpredictably and dangerously, which can lead to leakage, fire, generation of toxic vapour, explosion etc.<\/p>\n\n\n\n<h2 class=\"wp-block-heading\">These can be common items<\/h2>\n\n\n\n<div class=\"wp-block-columns is-layout-flex wp-container-core-columns-is-layout-9d6595d7 wp-block-columns-is-layout-flex\">\n<div class=\"wp-block-column is-layout-flow wp-block-column-is-layout-flow\" style=\"flex-basis:70%\">\n<ul class=\"wp-block-list\">\n<li><strong>household goods<\/strong> such as oven and drain cleaners, bleach, glues, aerosols, oils, paint, pesticides may contain items meeting criteria of dangerous goods including flammable liquids, oxidizes, organic peroxides, toxic and corrosive substances etc.<\/li>\n\n\n\n<li><strong>battery \u2013powered devices <\/strong>may contain wet or lithium batteries<\/li>\n\n\n\n<li><strong>camping equipment <\/strong>may contain flammable gases (butane, propane), flammable liquids (gasoline) and flammable solids (matches) etc.<\/li>\n\n\n\n<li><strong>diving equipment <\/strong>may contain cylinders of compressed gas, high intensity diving lamps which can generate extremely high heat when operated in air<\/li>\n\n\n\n<li><strong>expeditionary equipment <\/strong>may contain explosives (flares), flammable liquids (gasoline), flammable gas (propane) etc.<\/li>\n\n\n\n<li><strong>film crew or media equipment <\/strong>may contain explosive &#8211; pyrotechnic devices, wet batteries, lithium batteries, fuel, heat production items etc.<\/li>\n\n\n\n<li><strong>frozen fruit, vegetables <\/strong>may be packed in Carbon dioxide, solid (dry ice)<\/li>\n\n\n\n<li><strong>hot air balloon <\/strong>may contain cylinders with flammable gas, fire extinguishers, batteries, engines internal combustion etc.<\/li>\n\n\n\n<li><strong>instruments <\/strong>may conceal barometers, thermometers, manometers etc. containing mercury (corrosive and toxic)<\/li>\n\n\n\n<li><strong>repair kits <\/strong>may contain organic peroxides and flammable adhesives, solvent based paints, resins etc.<\/li>\n\n\n\n<li><strong>sporting equipment <\/strong>may contain cylinders of compressed or liquefied gas, lithium batteries, propane torches, flammable aerosols etc.<\/li>\n\n\n\n<li><strong>swimming pool chemicals <\/strong>may contain oxidizing or corrosive substances<\/li>\n\n\n\n<li><strong>toolboxes <\/strong>may contain explosives, compressed gas or aerosols, flammable gases, paints, corrosive liquids, lithium batteries etc.<\/li>\n\n\n\n<li><strong>vaccines <\/strong>may be packed in Carbon dioxide, solid (dry ice)<\/li>\n<\/ul>\n\n\n\n<p><\/p>\n<\/div>\n\n\n\n<div class=\"wp-block-column is-layout-flow wp-block-column-is-layout-flow\" style=\"flex-basis:30%\">\n<figure class=\"wp-block-gallery alignwide has-nested-images columns-1 is-cropped wp-block-gallery-1 is-layout-flex wp-block-gallery-is-layout-flex\">\n<figure class=\"wp-block-image size-medium\"><img decoding=\"async\" width=\"211\" height=\"300\" data-attachment-id=\"213\" data-permalink=\"https:\/\/dgbyair.cz\/en\/can-i-pack-that\/1_hidden-pax_v4_updated-2\/\" data-orig-file=\"https:\/\/dgbyair.cz\/wp-content\/uploads\/2021\/03\/1_hidden-pax_v4_updated.jpg\" data-orig-size=\"676,963\" data-comments-opened=\"0\" data-image-meta=\"{&quot;aperture&quot;:&quot;0&quot;,&quot;credit&quot;:&quot;Budsk\\u00e1 Helena Ing.&quot;,&quot;camera&quot;:&quot;&quot;,&quot;caption&quot;:&quot;&quot;,&quot;created_timestamp&quot;:&quot;1602689782&quot;,&quot;copyright&quot;:&quot;&quot;,&quot;focal_length&quot;:&quot;0&quot;,&quot;iso&quot;:&quot;0&quot;,&quot;shutter_speed&quot;:&quot;0&quot;,&quot;title&quot;:&quot;&quot;,&quot;orientation&quot;:&quot;0&quot;}\" data-image-title=\"1_hidden-pax_v4_updated\" data-image-description=\"&lt;p&gt;N\u011bkter\u00e9 v\u011bci by nikdy nem\u011bly let\u011bt a nelze je vz\u00edt na palubu letadla.&lt;\/p&gt;\n\" data-image-caption=\"&lt;p&gt;N\u011bkter\u00e9 v\u011bci by nikdy nem\u011bly let\u011bt a nelze je vz\u00edt na palubu letadla.&lt;\/p&gt;\n\" data-large-file=\"https:\/\/dgbyair.cz\/wp-content\/uploads\/2021\/03\/1_hidden-pax_v4_updated.jpg\" data-id=\"213\" data-src=\"https:\/\/dgbyair.cz\/wp-content\/uploads\/2021\/03\/1_hidden-pax_v4_updated-211x300.jpg\" alt=\"\" class=\"wp-image-213 lazyload\" data-srcset=\"https:\/\/dgbyair.cz\/wp-content\/uploads\/2021\/03\/1_hidden-pax_v4_updated-211x300.jpg 211w, https:\/\/dgbyair.cz\/wp-content\/uploads\/2021\/03\/1_hidden-pax_v4_updated.jpg 676w\" data-sizes=\"(max-width: 211px) 100vw, 211px\" src=\"data:image\/svg+xml;base64,PHN2ZyB3aWR0aD0iMSIgaGVpZ2h0PSIxIiB4bWxucz0iaHR0cDovL3d3dy53My5vcmcvMjAwMC9zdmciPjwvc3ZnPg==\" style=\"--smush-placeholder-width: 211px; --smush-placeholder-aspect-ratio: 211\/300;\" \/><figcaption class=\"wp-element-caption\"><strong>Some things were never meant to fly and cannot be taken on <\/strong><br><strong>board a plane<\/strong><\/figcaption><\/figure>\n<\/figure>\n<\/div>\n<\/div>\n\n\n\n<hr class=\"wp-block-separator has-css-opacity is-style-wide\"\/>\n\n\n\n<h2 class=\"wp-block-heading\">Electrical and electronic devices<\/h2>\n\n\n\n<p>Devices such as phones, laptops, cameras contain batteries, which can also be a hazard if packed incorrectly. Learn more about battery safety while travelling.<\/p>\n\n\n\n<div class=\"wp-block-columns is-layout-flex wp-container-core-columns-is-layout-9d6595d7 wp-block-columns-is-layout-flex\">\n<div class=\"wp-block-column is-layout-flow wp-block-column-is-layout-flow\" style=\"flex-basis:70%\">\n<div class=\"wp-block-columns is-layout-flex wp-container-core-columns-is-layout-9d6595d7 wp-block-columns-is-layout-flex\">\n<div class=\"wp-block-column is-layout-flow wp-block-column-is-layout-flow\" style=\"flex-basis:100%\">\n<figure class=\"wp-block-embed is-type-video is-provider-youtube wp-block-embed-youtube wp-embed-aspect-16-9 wp-has-aspect-ratio\"><div class=\"wp-block-embed__wrapper\">\n<iframe title=\"EASA: lithium batteries and other dangerous goods\" width=\"800\" height=\"450\" data-src=\"https:\/\/www.youtube.com\/embed\/pwwdH_wNEeo?feature=oembed\" frameborder=\"0\" allow=\"accelerometer; autoplay; clipboard-write; encrypted-media; gyroscope; picture-in-picture; web-share\" referrerpolicy=\"strict-origin-when-cross-origin\" allowfullscreen src=\"data:image\/svg+xml;base64,PHN2ZyB3aWR0aD0iMSIgaGVpZ2h0PSIxIiB4bWxucz0iaHR0cDovL3d3dy53My5vcmcvMjAwMC9zdmciPjwvc3ZnPg==\" class=\"lazyload\" data-load-mode=\"1\"><\/iframe>\n<\/div><\/figure>\n<\/div>\n<\/div>\n<\/div>\n\n\n\n<div class=\"wp-block-column is-layout-flow wp-block-column-is-layout-flow\" style=\"flex-basis:30%\">\n<figure class=\"wp-block-gallery alignwide has-nested-images columns-1 is-cropped wp-block-gallery-2 is-layout-flex wp-block-gallery-is-layout-flex\">\n<figure class=\"wp-block-image size-medium\"><img decoding=\"async\" width=\"224\" height=\"300\" data-attachment-id=\"219\" data-permalink=\"https:\/\/dgbyair.cz\/en\/can-i-pack-that\/2_easa-infographic_02_final-763x1024-1-2\/\" data-orig-file=\"https:\/\/dgbyair.cz\/wp-content\/uploads\/2021\/03\/2_easa-infographic_02_final-763x1024-1.png\" data-orig-size=\"763,1024\" data-comments-opened=\"0\" data-image-meta=\"{&quot;aperture&quot;:&quot;0&quot;,&quot;credit&quot;:&quot;&quot;,&quot;camera&quot;:&quot;&quot;,&quot;caption&quot;:&quot;&quot;,&quot;created_timestamp&quot;:&quot;0&quot;,&quot;copyright&quot;:&quot;&quot;,&quot;focal_length&quot;:&quot;0&quot;,&quot;iso&quot;:&quot;0&quot;,&quot;shutter_speed&quot;:&quot;0&quot;,&quot;title&quot;:&quot;&quot;,&quot;orientation&quot;:&quot;0&quot;}\" data-image-title=\"2_easa-infographic_02_final-763&#215;1024-1\" data-image-description=\"&lt;p&gt;Je odpov\u011bdnost\u00ed ka\u017ed\u00e9ho zajistit, aby v\u011bci zabalen\u00e9 do zavazadla nep\u0159edstavovaly riziko pro n\u011bj ani pro ostatn\u00ed cestuj\u00edc\u00ed.&lt;\/p&gt;\n\" data-image-caption=\"\" data-large-file=\"https:\/\/dgbyair.cz\/wp-content\/uploads\/2021\/03\/2_easa-infographic_02_final-763x1024-1.png\" data-id=\"219\" data-src=\"https:\/\/dgbyair.cz\/wp-content\/uploads\/2021\/03\/2_easa-infographic_02_final-763x1024-1-224x300.png\" alt=\"\" class=\"wp-image-219 lazyload\" data-srcset=\"https:\/\/dgbyair.cz\/wp-content\/uploads\/2021\/03\/2_easa-infographic_02_final-763x1024-1-224x300.png 224w, https:\/\/dgbyair.cz\/wp-content\/uploads\/2021\/03\/2_easa-infographic_02_final-763x1024-1.png 763w\" data-sizes=\"(max-width: 224px) 100vw, 224px\" src=\"data:image\/svg+xml;base64,PHN2ZyB3aWR0aD0iMSIgaGVpZ2h0PSIxIiB4bWxucz0iaHR0cDovL3d3dy53My5vcmcvMjAwMC9zdmciPjwvc3ZnPg==\" style=\"--smush-placeholder-width: 224px; --smush-placeholder-aspect-ratio: 224\/300;\" \/><figcaption class=\"wp-element-caption\"><mark style=\"background-color:rgba(0, 0, 0, 0)\" class=\"has-inline-color has-white-color\"><strong>Carry your electronic devices in hand luggage<\/strong><\/mark><\/figcaption><\/figure>\n<\/figure>\n<\/div>\n<\/div>\n\n\n\n<div class=\"wp-block-columns is-layout-flex wp-container-core-columns-is-layout-9d6595d7 wp-block-columns-is-layout-flex\">\n<div class=\"wp-block-column is-layout-flow wp-block-column-is-layout-flow\" style=\"flex-basis:100%\">\n<div class=\"wp-block-columns is-layout-flex wp-container-core-columns-is-layout-9d6595d7 wp-block-columns-is-layout-flex\">\n<div class=\"wp-block-column is-layout-flow wp-block-column-is-layout-flow\" style=\"flex-basis:100%\">\n<figure class=\"wp-block-embed is-type-video is-provider-youtube wp-block-embed-youtube wp-embed-aspect-16-9 wp-has-aspect-ratio\"><div class=\"wp-block-embed__wrapper\">\n<iframe title=\"What Passengers Need To Know About Lithium Batteries &amp; Air Travel\" width=\"800\" height=\"450\" data-src=\"https:\/\/www.youtube.com\/embed\/1umWAT8f6nk?feature=oembed\" frameborder=\"0\" allow=\"accelerometer; autoplay; clipboard-write; encrypted-media; gyroscope; picture-in-picture; web-share\" referrerpolicy=\"strict-origin-when-cross-origin\" allowfullscreen src=\"data:image\/svg+xml;base64,PHN2ZyB3aWR0aD0iMSIgaGVpZ2h0PSIxIiB4bWxucz0iaHR0cDovL3d3dy53My5vcmcvMjAwMC9zdmciPjwvc3ZnPg==\" class=\"lazyload\" data-load-mode=\"1\"><\/iframe>\n<\/div><\/figure>\n<\/div>\n\n\n\n<div class=\"wp-block-column is-layout-flow wp-block-column-is-layout-flow\" style=\"flex-basis:50%\">\n<figure class=\"wp-block-image size-full\"><a href=\"https:\/\/dgbyair.cz\/wp-content\/uploads\/2025\/10\/Travel-Smart-with-Lithium-Batteries.png\" target=\"_blank\" rel=\" noreferrer noopener\"><img decoding=\"async\" width=\"726\" height=\"973\" data-attachment-id=\"1808\" data-permalink=\"https:\/\/dgbyair.cz\/en\/travel-smart-with-lithium-batteries\/\" data-orig-file=\"https:\/\/dgbyair.cz\/wp-content\/uploads\/2025\/10\/Travel-Smart-with-Lithium-Batteries.png\" data-orig-size=\"726,973\" data-comments-opened=\"0\" data-image-meta=\"{&quot;aperture&quot;:&quot;0&quot;,&quot;credit&quot;:&quot;&quot;,&quot;camera&quot;:&quot;&quot;,&quot;caption&quot;:&quot;&quot;,&quot;created_timestamp&quot;:&quot;0&quot;,&quot;copyright&quot;:&quot;&quot;,&quot;focal_length&quot;:&quot;0&quot;,&quot;iso&quot;:&quot;0&quot;,&quot;shutter_speed&quot;:&quot;0&quot;,&quot;title&quot;:&quot;&quot;,&quot;orientation&quot;:&quot;0&quot;}\" data-image-title=\"Travel Smart with Lithium Batteries\" data-image-description=\"\" data-image-caption=\"\" data-large-file=\"https:\/\/dgbyair.cz\/wp-content\/uploads\/2025\/10\/Travel-Smart-with-Lithium-Batteries.png\" data-src=\"https:\/\/dgbyair.cz\/wp-content\/uploads\/2025\/10\/Travel-Smart-with-Lithium-Batteries.png\" alt=\"\" class=\"wp-image-1808 lazyload\" data-srcset=\"https:\/\/dgbyair.cz\/wp-content\/uploads\/2025\/10\/Travel-Smart-with-Lithium-Batteries.png 726w, https:\/\/dgbyair.cz\/wp-content\/uploads\/2025\/10\/Travel-Smart-with-Lithium-Batteries-224x300.png 224w\" data-sizes=\"(max-width: 726px) 100vw, 726px\" src=\"data:image\/svg+xml;base64,PHN2ZyB3aWR0aD0iMSIgaGVpZ2h0PSIxIiB4bWxucz0iaHR0cDovL3d3dy53My5vcmcvMjAwMC9zdmciPjwvc3ZnPg==\" style=\"--smush-placeholder-width: 726px; --smush-placeholder-aspect-ratio: 726\/973;\" \/><\/a><\/figure>\n<\/div>\n<\/div>\n<\/div>\n<\/div>\n\n\n\n<hr class=\"wp-block-separator has-css-opacity is-style-wide\"\/>\n\n\n\n<h2 class=\"wp-block-heading\">Responsibility for items you are packing<\/h2>\n\n\n\n<div class=\"wp-block-columns is-layout-flex wp-container-core-columns-is-layout-9d6595d7 wp-block-columns-is-layout-flex\">\n<div class=\"wp-block-column is-layout-flow wp-block-column-is-layout-flow\" style=\"flex-basis:33.33%\">\n<ul class=\"wp-block-list\">\n<li>It is your responsibility to make sure that items you are packing do not pose a risk to you and other passengers.<\/li>\n\n\n\n<li>Check the website of the airline you are flying with or contact airline\u00b4s trained staff&nbsp;that can help with your enquiry, and can tell you what you can and cannot carry on board.<\/li>\n<\/ul>\n\n\n\n<p><\/p>\n<\/div>\n\n\n\n<div class=\"wp-block-column is-layout-flow wp-block-column-is-layout-flow\" style=\"flex-basis:66.66%\">\n<figure class=\"wp-block-gallery alignwide has-nested-images columns-2 is-cropped wp-block-gallery-3 is-layout-flex wp-block-gallery-is-layout-flex\">\n<figure class=\"wp-block-image size-large\"><img decoding=\"async\" width=\"1024\" height=\"601\" data-attachment-id=\"740\" data-permalink=\"https:\/\/dgbyair.cz\/en\/ghs_pictograms_signs_en-2\/\" data-orig-file=\"https:\/\/dgbyair.cz\/wp-content\/uploads\/2021\/04\/GHS_pictograms_signs_EN.jpg\" data-orig-size=\"1128,662\" data-comments-opened=\"0\" data-image-meta=\"{&quot;aperture&quot;:&quot;0&quot;,&quot;credit&quot;:&quot;&quot;,&quot;camera&quot;:&quot;&quot;,&quot;caption&quot;:&quot;&quot;,&quot;created_timestamp&quot;:&quot;0&quot;,&quot;copyright&quot;:&quot;&quot;,&quot;focal_length&quot;:&quot;0&quot;,&quot;iso&quot;:&quot;0&quot;,&quot;shutter_speed&quot;:&quot;0&quot;,&quot;title&quot;:&quot;&quot;,&quot;orientation&quot;:&quot;0&quot;}\" data-image-title=\"GHS_pictograms_signs_EN\" data-image-description=\"\" data-image-caption=\"&lt;p&gt;Be especially cautious when you see on the items you intend to pack following GHS pictograms&lt;\/p&gt;\n\" data-large-file=\"https:\/\/dgbyair.cz\/wp-content\/uploads\/2021\/04\/GHS_pictograms_signs_EN-1024x601.jpg\" data-id=\"740\" data-src=\"https:\/\/dgbyair.cz\/wp-content\/uploads\/2021\/04\/GHS_pictograms_signs_EN-1024x601.jpg\" alt=\"\" class=\"wp-image-740 lazyload\" data-srcset=\"https:\/\/dgbyair.cz\/wp-content\/uploads\/2021\/04\/GHS_pictograms_signs_EN-1024x601.jpg 1024w, https:\/\/dgbyair.cz\/wp-content\/uploads\/2021\/04\/GHS_pictograms_signs_EN-300x176.jpg 300w, https:\/\/dgbyair.cz\/wp-content\/uploads\/2021\/04\/GHS_pictograms_signs_EN-768x451.jpg 768w, https:\/\/dgbyair.cz\/wp-content\/uploads\/2021\/04\/GHS_pictograms_signs_EN.jpg 1128w\" data-sizes=\"(max-width: 1024px) 100vw, 1024px\" src=\"data:image\/svg+xml;base64,PHN2ZyB3aWR0aD0iMSIgaGVpZ2h0PSIxIiB4bWxucz0iaHR0cDovL3d3dy53My5vcmcvMjAwMC9zdmciPjwvc3ZnPg==\" style=\"--smush-placeholder-width: 1024px; --smush-placeholder-aspect-ratio: 1024\/601;\" \/><figcaption class=\"wp-element-caption\"><strong>Be especially cautious when you see on the items you intend to pack following GHS pictograms<\/strong><\/figcaption><\/figure>\n\n\n\n<figure class=\"wp-block-image size-large\"><img decoding=\"async\" width=\"560\" height=\"817\" data-attachment-id=\"682\" data-permalink=\"https:\/\/dgbyair.cz\/en\/3_air-ticket-do-not-carry_new\/\" data-orig-file=\"https:\/\/dgbyair.cz\/wp-content\/uploads\/2021\/03\/3_air-ticket-do-not-carry_NEW.jpg\" data-orig-size=\"560,817\" data-comments-opened=\"0\" data-image-meta=\"{&quot;aperture&quot;:&quot;0&quot;,&quot;credit&quot;:&quot;Budsk\\u00e1 Helena Ing.&quot;,&quot;camera&quot;:&quot;&quot;,&quot;caption&quot;:&quot;&quot;,&quot;created_timestamp&quot;:&quot;1616791052&quot;,&quot;copyright&quot;:&quot;&quot;,&quot;focal_length&quot;:&quot;0&quot;,&quot;iso&quot;:&quot;0&quot;,&quot;shutter_speed&quot;:&quot;0&quot;,&quot;title&quot;:&quot;&quot;,&quot;orientation&quot;:&quot;0&quot;}\" data-image-title=\"3_air ticket do not carry_NEW\" data-image-description=\"\" data-image-caption=\"\" data-large-file=\"https:\/\/dgbyair.cz\/wp-content\/uploads\/2021\/03\/3_air-ticket-do-not-carry_NEW.jpg\" data-id=\"682\" data-src=\"https:\/\/dgbyair.cz\/wp-content\/uploads\/2021\/03\/3_air-ticket-do-not-carry_NEW.jpg\" alt=\"\" class=\"wp-image-682 lazyload\" data-srcset=\"https:\/\/dgbyair.cz\/wp-content\/uploads\/2021\/03\/3_air-ticket-do-not-carry_NEW.jpg 560w, https:\/\/dgbyair.cz\/wp-content\/uploads\/2021\/03\/3_air-ticket-do-not-carry_NEW-206x300.jpg 206w\" data-sizes=\"(max-width: 560px) 100vw, 560px\" src=\"data:image\/svg+xml;base64,PHN2ZyB3aWR0aD0iMSIgaGVpZ2h0PSIxIiB4bWxucz0iaHR0cDovL3d3dy53My5vcmcvMjAwMC9zdmciPjwvc3ZnPg==\" style=\"--smush-placeholder-width: 560px; --smush-placeholder-aspect-ratio: 560\/817;\" \/><figcaption class=\"wp-element-caption\"><strong>Check the cover of your air ticket\/airline information to see if what you are planning to carry is on the list of forbidden or restricted <\/strong><br><strong>dangerous goods.<\/strong><\/figcaption><\/figure>\n<\/figure>\n<\/div>\n<\/div>\n","protected":false},"excerpt":{"rendered":"<p>During air transport due to change of atmospheric pressure, temperature and vibration some items can behave unpredictably and dangerously, which can lead to leakage, fire, generation of toxic vapour, explosion &#8230;<\/p>\n","protected":false},"author":1,"featured_media":88,"parent":0,"menu_order":0,"comment_status":"closed","ping_status":"closed","template":"","meta":{"inline_featured_image":false,"footnotes":""},"class_list":["post-357","page","type-page","status-publish","has-post-thumbnail","hentry"],"jetpack_sharing_enabled":true,"_links":{"self":[{"href":"https:\/\/dgbyair.cz\/en\/wp-json\/wp\/v2\/pages\/357","targetHints":{"allow":["GET"]}}],"collection":[{"href":"https:\/\/dgbyair.cz\/en\/wp-json\/wp\/v2\/pages"}],"about":[{"href":"https:\/\/dgbyair.cz\/en\/wp-json\/wp\/v2\/types\/page"}],"author":[{"embeddable":true,"href":"https:\/\/dgbyair.cz\/en\/wp-json\/wp\/v2\/users\/1"}],"replies":[{"embeddable":true,"href":"https:\/\/dgbyair.cz\/en\/wp-json\/wp\/v2\/comments?post=357"}],"version-history":[{"count":15,"href":"https:\/\/dgbyair.cz\/en\/wp-json\/wp\/v2\/pages\/357\/revisions"}],"predecessor-version":[{"id":1814,"href":"https:\/\/dgbyair.cz\/en\/wp-json\/wp\/v2\/pages\/357\/revisions\/1814"}],"wp:featuredmedia":[{"embeddable":true,"href":"https:\/\/dgbyair.cz\/en\/wp-json\/wp\/v2\/media\/88"}],"wp:attachment":[{"href":"https:\/\/dgbyair.cz\/en\/wp-json\/wp\/v2\/media?parent=357"}],"curies":[{"name":"wp","href":"https:\/\/api.w.org\/{rel}","templated":true}]}}